{"id":12,"date":"2022-01-12T22:57:37","date_gmt":"2022-01-12T22:57:37","guid":{"rendered":"http:\/\/noeliamartinez.com\/?page_id=12"},"modified":"2022-02-16T16:33:17","modified_gmt":"2022-02-16T16:33:17","slug":"quienes-somos","status":"publish","type":"page","link":"https:\/\/noeliamartinez.com\/index.php\/quienes-somos\/","title":{"rendered":"Qui\u00e9nes Somos"},"content":{"rendered":"\n[et_pb_section fb_built=&#8221;1&#8243; fullwidth=&#8221;on&#8221; admin_label=&#8221;Header Section&#8221; _builder_version=&#8221;3.22&#8243; background_color=&#8221;#000000&#8243; custom_padding=&#8221;|||&#8221; locked=&#8221;off&#8221; global_colors_info=&#8221;{}&#8221;][et_pb_fullwidth_header title=&#8221;sobre nosotros&#8221; text_orientation=&#8221;center&#8221; background_overlay_color=&#8221;rgba(0,0,0,0.4)&#8221; content_max_width_last_edited=&#8221;off|desktop&#8221; admin_label=&#8221;Contents&#8221; _builder_version=&#8221;4.14.5&#8243; title_font=&#8221;Oswald|||on|&#8221; title_text_align=&#8221;center&#8221; title_font_size=&#8221;80px&#8221; title_letter_spacing=&#8221;0.05em&#8221; title_line_height=&#8221;1.5em&#8221; subhead_font=&#8221;Nunito|600|||||||&#8221; subhead_font_size=&#8221;20px&#8221; subhead_line_height=&#8221;1.9em&#8221; background_color=&#8221;rgba(255, 255, 255, 0)&#8221; background_image=&#8221;https:\/\/noeliamartinez.com\/wp-content\/uploads\/2022\/01\/pexels-picjumbocom-461077-scaled-e1642075673195.jpg&#8221; parallax=&#8221;on&#8221; parallax_method=&#8221;on&#8221; custom_button_one=&#8221;on&#8221; button_one_text_size=&#8221;15px&#8221; button_one_bg_color=&#8221;#dca57d&#8221; button_one_border_width=&#8221;10px&#8221; button_one_border_color=&#8221;#dca57d&#8221; button_one_border_radius=&#8221;0px&#8221; button_one_letter_spacing=&#8221;3px&#8221; button_one_font=&#8221;Oswald|||on|&#8221; button_one_use_icon=&#8221;off&#8221; custom_margin=&#8221;|||&#8221; custom_padding=&#8221;5%||5%|&#8221; animation_style=&#8221;fade&#8221; animation_starting_opacity=&#8221;50%&#8221; animation_speed_curve=&#8221;ease-in&#8221; title_font_size_tablet=&#8221;60px&#8221; title_font_size_phone=&#8221;40px&#8221; title_font_size_last_edited=&#8221;on|phone&#8221; button_one_border_color_hover=&#8221;#c99872&#8243; button_one_border_radius_hover=&#8221;0px&#8221; button_one_letter_spacing_hover=&#8221;3px&#8221; button_one_bg_color_hover=&#8221;#c99872&#8243; global_colors_info=&#8221;{}&#8221; button_one_text_size__hover_enabled=&#8221;off&#8221; button_two_text_size__hover_enabled=&#8221;off&#8221; button_one_text_color__hover_enabled=&#8221;off&#8221; button_two_text_color__hover_enabled=&#8221;off&#8221; button_one_border_width__hover_enabled=&#8221;off&#8221; button_two_border_width__hover_enabled=&#8221;off&#8221; button_one_border_color__hover_enabled=&#8221;on&#8221; button_one_border_color__hover=&#8221;#c99872&#8243; button_two_border_color__hover_enabled=&#8221;off&#8221; button_one_border_radius__hover_enabled=&#8221;on&#8221; button_one_border_radius__hover=&#8221;0px&#8221; button_two_border_radius__hover_enabled=&#8221;off&#8221; button_one_letter_spacing__hover_enabled=&#8221;on&#8221; button_one_letter_spacing__hover=&#8221;3px&#8221; button_two_letter_spacing__hover_enabled=&#8221;off&#8221; button_one_bg_color__hover_enabled=&#8221;on&#8221; button_one_bg_color__hover=&#8221;#c99872&#8243; button_two_bg_color__hover_enabled=&#8221;off&#8221;][\/et_pb_fullwidth_header][\/et_pb_section][et_pb_section fb_built=&#8221;1&#8243; admin_label=&#8221;About Us Section&#8221; _builder_version=&#8221;3.22&#8243; background_size=&#8221;initial&#8221; background_position=&#8221;bottom_left&#8221; custom_padding=&#8221;25px||44px|||&#8221; global_colors_info=&#8221;{}&#8221;][et_pb_row admin_label=&#8221;Title Area&#8221; _builder_version=&#8221;3.25&#8243; min_height=&#8221;150.4px&#8221; custom_margin=&#8221;|auto|-47px|auto||&#8221; custom_padding=&#8221;||18px|||&#8221; global_colors_info=&#8221;{}&#8221;][et_pb_column type=&#8221;4_4&#8243; _builder_version=&#8221;3.25&#8243; custom_padding=&#8221;|||&#8221; global_colors_info=&#8221;{}&#8221; custom_padding__hover=&#8221;|||&#8221;][et_pb_text admin_label=&#8221;Title&#8221; _builder_version=&#8221;4.14.5&#8243; text_font=&#8221;Poppins||||||||&#8221; text_font_size=&#8221;16px&#8221; text_line_height=&#8221;1.8em&#8221; header_font=&#8221;||||||||&#8221; header_2_font=&#8221;Oswald|||on|||||&#8221; header_2_text_align=&#8221;center&#8221; header_2_font_size=&#8221;42px&#8221; header_2_letter_spacing=&#8221;2px&#8221; header_2_line_height=&#8221;1.5em&#8221; header_3_font=&#8221;Oswald|||on|||||&#8221; header_3_font_size=&#8221;42px&#8221; header_3_letter_spacing=&#8221;2px&#8221; header_3_line_height=&#8221;1.5em&#8221; text_orientation=&#8221;center&#8221; max_width=&#8221;550px&#8221; module_alignment=&#8221;center&#8221; custom_margin=&#8221;||10px|&#8221; animation_style=&#8221;slide&#8221; animation_direction=&#8221;top&#8221; animation_intensity_slide=&#8221;10%&#8221; animation_starting_opacity=&#8221;100%&#8221; global_colors_info=&#8221;{}&#8221;]<h2>\u00bfQui\u00e9nes somos?<\/h2>[\/et_pb_text][\/et_pb_column][\/et_pb_row][et_pb_row admin_label=&#8221;About Us Area&#8221; _builder_version=&#8221;4.14.5&#8243; min_height=&#8221;259.2px&#8221; custom_margin=&#8221;|auto|-113px|auto||&#8221; custom_padding=&#8221;|10px|0px|||&#8221; global_colors_info=&#8221;{}&#8221;][et_pb_column type=&#8221;4_4&#8243; _builder_version=&#8221;3.25&#8243; custom_padding=&#8221;|||&#8221; global_colors_info=&#8221;{}&#8221; custom_padding__hover=&#8221;|||&#8221;][et_pb_text _builder_version=&#8221;4.14.5&#8243; text_font=&#8221;Nunito||||||||&#8221; text_font_size=&#8221;19px&#8221; text_line_height=&#8221;1.8em&#8221; global_colors_info=&#8221;{}&#8221;]<p style=\"text-align: justify;\">Somos un grupo de profesionales cualificados l\u00edder en el sector de la administraci\u00f3n de fincas y el asesoramiento jur\u00eddico desde hace m\u00e1s de 20 a\u00f1os. Contamos con Administrador de Fincas Colegiado (478 Territorial), Abogado en ejercicio (4226 ICAO) y Mediador de Seguros titulado, as\u00ed como un departamento de administraci\u00f3n y contabilidad, que ofrecen garant\u00eda y seguridad a los clientes con un trato cercano y personalizado. La confianza de nuestros clientes es lo m\u00e1s importante y nuestro principal objetivo es resolver los asuntos que nos conf\u00edan con rapidez y efectividad.<\/p>\n<p style=\"text-align: justify;\">Le invitamos a conocer nuestra p\u00e1gina en la que podr\u00e1 encontrar los servicios que ofrecemos y solicitar presupuesto sin compromiso.<\/p>\n<p style=\"text-align: justify;\">Cons\u00faltenos e intentaremos ayudarlo con transpariencia y profesionalidad.<\/p>\n<p style=\"text-align: justify;\"><\/p>[\/et_pb_text][\/et_pb_column][\/et_pb_row][et_pb_row column_structure=&#8221;1_4,1_4,1_4,1_4&#8243; _builder_version=&#8221;4.14.5&#8243; _module_preset=&#8221;default&#8221; custom_margin=&#8221;111px|auto||auto||&#8221; global_colors_info=&#8221;{}&#8221;][et_pb_column type=&#8221;1_4&#8243; _builder_version=&#8221;4.14.5&#8243; _module_preset=&#8221;default&#8221; global_colors_info=&#8221;{}&#8221;][et_pb_image src=&#8221;https:\/\/noeliamartinez.com\/wp-content\/uploads\/2022\/01\/LogoNoe.png&#8221; title_text=&#8221;LogoNoe&#8221; _builder_version=&#8221;4.14.5&#8243; _module_preset=&#8221;default&#8221; global_colors_info=&#8221;{}&#8221;][\/et_pb_image][\/et_pb_column][et_pb_column type=&#8221;1_4&#8243; _builder_version=&#8221;4.14.5&#8243; _module_preset=&#8221;default&#8221; global_colors_info=&#8221;{}&#8221;][et_pb_image src=&#8221;https:\/\/noeliamartinez.com\/wp-content\/uploads\/2022\/01\/imagen_logo-scaled.jpg&#8221; title_text=&#8221;imagen_logo&#8221; _builder_version=&#8221;4.14.5&#8243; _module_preset=&#8221;default&#8221; custom_margin=&#8221;44px|||||&#8221; global_colors_info=&#8221;{}&#8221;][\/et_pb_image][\/et_pb_column][et_pb_column type=&#8221;1_4&#8243; _builder_version=&#8221;4.14.5&#8243; _module_preset=&#8221;default&#8221; global_colors_info=&#8221;{}&#8221;][et_pb_image src=&#8221;https:\/\/noeliamartinez.com\/wp-content\/uploads\/2022\/01\/colegiadaAzul.png&#8221; title_text=&#8221;colegiadaAzul&#8221; _builder_version=&#8221;4.14.5&#8243; _module_preset=&#8221;default&#8221; global_colors_info=&#8221;{}&#8221;][\/et_pb_image][\/et_pb_column][et_pb_column type=&#8221;1_4&#8243; _builder_version=&#8221;4.14.5&#8243; _module_preset=&#8221;default&#8221; global_colors_info=&#8221;{}&#8221;][et_pb_image src=&#8221;https:\/\/noeliamartinez.com\/wp-content\/uploads\/2022\/01\/colmediad.png&#8221; title_text=&#8221;colmediad&#8221; _builder_version=&#8221;4.14.5&#8243; _module_preset=&#8221;default&#8221; custom_margin=&#8221;54px|||||&#8221; custom_padding=&#8221;||0px|||&#8221; global_colors_info=&#8221;{}&#8221;][\/et_pb_image][\/et_pb_column][\/et_pb_row][\/et_pb_section][et_pb_section fb_built=&#8221;1&#8243; admin_label=&#8221;CTA Section&#8221; _builder_version=&#8221;4.14.5&#8243; background_color=&#8221;#1f5b94&#8243; use_background_color_gradient=&#8221;on&#8221; background_color_gradient_start=&#8221;#1f5b94&#8243; background_color_gradient_end=&#8221;#1f5b94&#8243; background_color_gradient_overlays_image=&#8221;on&#8221; background_image=&#8221;https:\/\/noeliamartinez.com\/wp-content\/uploads\/2022\/01\/pexels-snapwire-618613-1-scaled-e1642037066838.jpg&#8221; parallax=&#8221;on&#8221; custom_padding=&#8221;25px||11px|||&#8221; global_colors_info=&#8221;{}&#8221;][et_pb_row admin_label=&#8221;CTA Area&#8221; _builder_version=&#8221;3.25&#8243; locked=&#8221;off&#8221; global_colors_info=&#8221;{}&#8221;][et_pb_column type=&#8221;4_4&#8243; _builder_version=&#8221;3.25&#8243; custom_padding=&#8221;|||&#8221; global_colors_info=&#8221;{}&#8221; custom_padding__hover=&#8221;|||&#8221;][et_pb_text _builder_version=&#8221;4.14.5&#8243; text_font=&#8221;Oswald||||||||&#8221; text_font_size=&#8221;48px&#8221; text_line_height=&#8221;1.5em&#8221; text_orientation=&#8221;center&#8221; background_layout=&#8221;dark&#8221; module_alignment=&#8221;center&#8221; custom_margin=&#8221;||0px|||&#8221; custom_padding=&#8221;||20px|&#8221; animation_style=&#8221;flip&#8221; animation_intensity_flip=&#8221;20%&#8221; animation_starting_opacity=&#8221;200%&#8221; global_colors_info=&#8221;{}&#8221;]<p>\u00bfTiene alguna duda? No dude en ponerse en contacto con nosotros<\/p>[\/et_pb_text][et_pb_button button_url=&#8221;@ET-DC@eyJkeW5hbWljIjp0cnVlLCJjb250ZW50IjoicG9zdF9saW5rX3VybF9wYWdlIiwic2V0dGluZ3MiOnsicG9zdF9pZCI6IjE2In19@&#8221; button_text=&#8221;contacte con nosotros&#8221; button_alignment=&#8221;center&#8221; _builder_version=&#8221;4.14.5&#8243; _dynamic_attributes=&#8221;button_url&#8221; custom_button=&#8221;on&#8221; button_text_size=&#8221;16px&#8221; button_text_color=&#8221;#1f5b94&#8243; button_bg_color=&#8221;#ffffff&#8221; button_border_width=&#8221;0px&#8221; button_letter_spacing=&#8221;2px&#8221; button_font=&#8221;Montserrat|600||on|||||&#8221; custom_margin=&#8221;|||&#8221; custom_padding=&#8221;12px||12px|&#8221; animation_style=&#8221;fade&#8221; button_letter_spacing_hover=&#8221;2px&#8221; global_colors_info=&#8221;{}&#8221; button_text_size__hover_enabled=&#8221;off&#8221; button_one_text_size__hover_enabled=&#8221;off&#8221; button_two_text_size__hover_enabled=&#8221;off&#8221; button_text_color__hover_enabled=&#8221;off&#8221; button_one_text_color__hover_enabled=&#8221;off&#8221; button_two_text_color__hover_enabled=&#8221;off&#8221; button_border_width__hover_enabled=&#8221;off&#8221; button_one_border_width__hover_enabled=&#8221;off&#8221; button_two_border_width__hover_enabled=&#8221;off&#8221; button_border_color__hover_enabled=&#8221;off&#8221; button_one_border_color__hover_enabled=&#8221;off&#8221; button_two_border_color__hover_enabled=&#8221;off&#8221; button_border_radius__hover_enabled=&#8221;off&#8221; button_one_border_radius__hover_enabled=&#8221;off&#8221; button_two_border_radius__hover_enabled=&#8221;off&#8221; button_letter_spacing__hover_enabled=&#8221;on&#8221; button_letter_spacing__hover=&#8221;2px&#8221; button_one_letter_spacing__hover_enabled=&#8221;off&#8221; button_two_letter_spacing__hover_enabled=&#8221;off&#8221; button_bg_color__hover_enabled=&#8221;off&#8221; button_one_bg_color__hover_enabled=&#8221;off&#8221; button_two_bg_color__hover_enabled=&#8221;off&#8221;][\/et_pb_button][\/et_pb_column][\/et_pb_row][\/et_pb_section]\n","protected":false},"excerpt":{"rendered":"<p>\u00bfQui\u00e9nes somos?Somos un grupo de profesionales cualificados l\u00edder en el sector de la administraci\u00f3n de fincas y el asesoramiento jur\u00eddico desde hace m\u00e1s de 20 a\u00f1os. Contamos con Administrador de Fincas Colegiado (478 Territorial), Abogado en ejercicio (4226 ICAO) y Mediador de Seguros titulado, as\u00ed como un departamento de administraci\u00f3n y contabilidad, que ofrecen garant\u00eda [&hellip;]<\/p>\n","protected":false},"author":1,"featured_media":0,"parent":0,"menu_order":0,"comment_status":"closed","ping_status":"closed","template":"","meta":{"_et_pb_use_builder":"on","_et_pb_old_content":"<!-- wp:divi\/placeholder \/-->","_et_gb_content_width":"","_joinchat":[],"footnotes":""},"class_list":["post-12","page","type-page","status-publish","hentry"],"yoast_head":"<!-- This site is optimized with the Yoast SEO plugin v25.0 - https:\/\/yoast.com\/wordpress\/plugins\/seo\/ -->\r\n<title>Qui\u00e9nes Somos | noeliamartinez<\/title>\r\n<meta name=\"description\" content=\"Grupo de profesionales cualificados l\u00edder en el sector de la administraci\u00f3n de fincas y el asesoramiento jur\u00eddico desde hace m\u00e1s de 20 a\u00f1os\" \/>\r\n<meta name=\"robots\" content=\"index, follow, max-snippet:-1, max-image-preview:large, max-video-preview:-1\" \/>\r\n<link rel=\"canonical\" href=\"https:\/\/noeliamartinez.com\/index.php\/quienes-somos\/\" \/>\r\n<meta property=\"og:locale\" content=\"es_ES\" \/>\r\n<meta property=\"og:type\" content=\"article\" \/>\r\n<meta property=\"og:title\" content=\"Qui\u00e9nes Somos | noeliamartinez\" \/>\r\n<meta property=\"og:description\" content=\"Grupo de profesionales cualificados l\u00edder en el sector de la administraci\u00f3n de fincas y el asesoramiento jur\u00eddico desde hace m\u00e1s de 20 a\u00f1os\" \/>\r\n<meta property=\"og:url\" content=\"https:\/\/noeliamartinez.com\/index.php\/quienes-somos\/\" \/>\r\n<meta property=\"og:site_name\" content=\"noeliamartinez\" \/>\r\n<meta property=\"article:modified_time\" content=\"2022-02-16T16:33:17+00:00\" \/>\r\n<meta name=\"twitter:card\" content=\"summary_large_image\" \/>\r\n<meta name=\"twitter:label1\" content=\"Tiempo de lectura\" \/>\n\t<meta name=\"twitter:data1\" content=\"2 minutos\" \/>\r\n<script type=\"application\/ld+json\" class=\"yoast-schema-graph\">{\"@context\":\"https:\/\/schema.org\",\"@graph\":[{\"@type\":\"WebPage\",\"@id\":\"https:\/\/noeliamartinez.com\/index.php\/quienes-somos\/\",\"url\":\"https:\/\/noeliamartinez.com\/index.php\/quienes-somos\/\",\"name\":\"Qui\u00e9nes Somos | noeliamartinez\",\"isPartOf\":{\"@id\":\"https:\/\/noeliamartinez.com\/#website\"},\"datePublished\":\"2022-01-12T22:57:37+00:00\",\"dateModified\":\"2022-02-16T16:33:17+00:00\",\"description\":\"Grupo de profesionales cualificados l\u00edder en el sector de la administraci\u00f3n de fincas y el asesoramiento jur\u00eddico desde hace m\u00e1s de 20 a\u00f1os\",\"breadcrumb\":{\"@id\":\"https:\/\/noeliamartinez.com\/index.php\/quienes-somos\/#breadcrumb\"},\"inLanguage\":\"es\",\"potentialAction\":[{\"@type\":\"ReadAction\",\"target\":[\"https:\/\/noeliamartinez.com\/index.php\/quienes-somos\/\"]}]},{\"@type\":\"BreadcrumbList\",\"@id\":\"https:\/\/noeliamartinez.com\/index.php\/quienes-somos\/#breadcrumb\",\"itemListElement\":[{\"@type\":\"ListItem\",\"position\":1,\"name\":\"Portada\",\"item\":\"https:\/\/noeliamartinez.com\/\"},{\"@type\":\"ListItem\",\"position\":2,\"name\":\"Qui\u00e9nes Somos\"}]},{\"@type\":\"WebSite\",\"@id\":\"https:\/\/noeliamartinez.com\/#website\",\"url\":\"https:\/\/noeliamartinez.com\/\",\"name\":\"noeliamartinez\",\"description\":\"Abogada administradora de fincas\",\"publisher\":{\"@id\":\"https:\/\/noeliamartinez.com\/#\/schema\/person\/a39ae016482c4643b76b9f573e7e62db\"},\"potentialAction\":[{\"@type\":\"SearchAction\",\"target\":{\"@type\":\"EntryPoint\",\"urlTemplate\":\"https:\/\/noeliamartinez.com\/?s={search_term_string}\"},\"query-input\":{\"@type\":\"PropertyValueSpecification\",\"valueRequired\":true,\"valueName\":\"search_term_string\"}}],\"inLanguage\":\"es\"},{\"@type\":[\"Person\",\"Organization\"],\"@id\":\"https:\/\/noeliamartinez.com\/#\/schema\/person\/a39ae016482c4643b76b9f573e7e62db\",\"name\":\"Noelia Mart\u00ednez\",\"image\":{\"@type\":\"ImageObject\",\"inLanguage\":\"es\",\"@id\":\"https:\/\/noeliamartinez.com\/#\/schema\/person\/image\/\",\"url\":\"https:\/\/noeliamartinez.com\/wp-content\/uploads\/2022\/01\/cropped-Sin-titulo-1.png\",\"contentUrl\":\"https:\/\/noeliamartinez.com\/wp-content\/uploads\/2022\/01\/cropped-Sin-titulo-1.png\",\"width\":512,\"height\":512,\"caption\":\"Noelia Mart\u00ednez\"},\"logo\":{\"@id\":\"https:\/\/noeliamartinez.com\/#\/schema\/person\/image\/\"}}]}<\/script>\r\n<!-- \/ Yoast SEO plugin. -->","yoast_head_json":{"title":"Qui\u00e9nes Somos | noeliamartinez","description":"Grupo de profesionales cualificados l\u00edder en el sector de la administraci\u00f3n de fincas y el asesoramiento jur\u00eddico desde hace m\u00e1s de 20 a\u00f1os","robots":{"index":"index","follow":"follow","max-snippet":"max-snippet:-1","max-image-preview":"max-image-preview:large","max-video-preview":"max-video-preview:-1"},"canonical":"https:\/\/noeliamartinez.com\/index.php\/quienes-somos\/","og_locale":"es_ES","og_type":"article","og_title":"Qui\u00e9nes Somos | noeliamartinez","og_description":"Grupo de profesionales cualificados l\u00edder en el sector de la administraci\u00f3n de fincas y el asesoramiento jur\u00eddico desde hace m\u00e1s de 20 a\u00f1os","og_url":"https:\/\/noeliamartinez.com\/index.php\/quienes-somos\/","og_site_name":"noeliamartinez","article_modified_time":"2022-02-16T16:33:17+00:00","twitter_card":"summary_large_image","twitter_misc":{"Tiempo de lectura":"2 minutos"},"schema":{"@context":"https:\/\/schema.org","@graph":[{"@type":"WebPage","@id":"https:\/\/noeliamartinez.com\/index.php\/quienes-somos\/","url":"https:\/\/noeliamartinez.com\/index.php\/quienes-somos\/","name":"Qui\u00e9nes Somos | noeliamartinez","isPartOf":{"@id":"https:\/\/noeliamartinez.com\/#website"},"datePublished":"2022-01-12T22:57:37+00:00","dateModified":"2022-02-16T16:33:17+00:00","description":"Grupo de profesionales cualificados l\u00edder en el sector de la administraci\u00f3n de fincas y el asesoramiento jur\u00eddico desde hace m\u00e1s de 20 a\u00f1os","breadcrumb":{"@id":"https:\/\/noeliamartinez.com\/index.php\/quienes-somos\/#breadcrumb"},"inLanguage":"es","potentialAction":[{"@type":"ReadAction","target":["https:\/\/noeliamartinez.com\/index.php\/quienes-somos\/"]}]},{"@type":"BreadcrumbList","@id":"https:\/\/noeliamartinez.com\/index.php\/quienes-somos\/#breadcrumb","itemListElement":[{"@type":"ListItem","position":1,"name":"Portada","item":"https:\/\/noeliamartinez.com\/"},{"@type":"ListItem","position":2,"name":"Qui\u00e9nes Somos"}]},{"@type":"WebSite","@id":"https:\/\/noeliamartinez.com\/#website","url":"https:\/\/noeliamartinez.com\/","name":"noeliamartinez","description":"Abogada administradora de fincas","publisher":{"@id":"https:\/\/noeliamartinez.com\/#\/schema\/person\/a39ae016482c4643b76b9f573e7e62db"},"potentialAction":[{"@type":"SearchAction","target":{"@type":"EntryPoint","urlTemplate":"https:\/\/noeliamartinez.com\/?s={search_term_string}"},"query-input":{"@type":"PropertyValueSpecification","valueRequired":true,"valueName":"search_term_string"}}],"inLanguage":"es"},{"@type":["Person","Organization"],"@id":"https:\/\/noeliamartinez.com\/#\/schema\/person\/a39ae016482c4643b76b9f573e7e62db","name":"Noelia Mart\u00ednez","image":{"@type":"ImageObject","inLanguage":"es","@id":"https:\/\/noeliamartinez.com\/#\/schema\/person\/image\/","url":"https:\/\/noeliamartinez.com\/wp-content\/uploads\/2022\/01\/cropped-Sin-titulo-1.png","contentUrl":"https:\/\/noeliamartinez.com\/wp-content\/uploads\/2022\/01\/cropped-Sin-titulo-1.png","width":512,"height":512,"caption":"Noelia Mart\u00ednez"},"logo":{"@id":"https:\/\/noeliamartinez.com\/#\/schema\/person\/image\/"}}]}},"_links":{"self":[{"href":"https:\/\/noeliamartinez.com\/index.php\/wp-json\/wp\/v2\/pages\/12","targetHints":{"allow":["GET"]}}],"collection":[{"href":"https:\/\/noeliamartinez.com\/index.php\/wp-json\/wp\/v2\/pages"}],"about":[{"href":"https:\/\/noeliamartinez.com\/index.php\/wp-json\/wp\/v2\/types\/page"}],"author":[{"embeddable":true,"href":"https:\/\/noeliamartinez.com\/index.php\/wp-json\/wp\/v2\/users\/1"}],"replies":[{"embeddable":true,"href":"https:\/\/noeliamartinez.com\/index.php\/wp-json\/wp\/v2\/comments?post=12"}],"version-history":[{"count":19,"href":"https:\/\/noeliamartinez.com\/index.php\/wp-json\/wp\/v2\/pages\/12\/revisions"}],"predecessor-version":[{"id":2956,"href":"https:\/\/noeliamartinez.com\/index.php\/wp-json\/wp\/v2\/pages\/12\/revisions\/2956"}],"wp:attachment":[{"href":"https:\/\/noeliamartinez.com\/index.php\/wp-json\/wp\/v2\/media?parent=12"}],"curies":[{"name":"wp","href":"https:\/\/api.w.org\/{rel}","templated":true}]}}