{"id":22,"date":"2022-01-12T22:59:04","date_gmt":"2022-01-12T22:59:04","guid":{"rendered":"http:\/\/noeliamartinez.com\/?page_id=22"},"modified":"2022-01-21T22:29:04","modified_gmt":"2022-01-21T22:29:04","slug":"abogacia","status":"publish","type":"page","link":"https:\/\/noeliamartinez.com\/index.php\/abogacia\/","title":{"rendered":"Abogac\u00eda"},"content":{"rendered":"<p>[et_pb_section fb_built=&#8221;1&#8243; fullwidth=&#8221;on&#8221; admin_label=&#8221;Header Section&#8221; _builder_version=&#8221;3.22&#8243; background_color=&#8221;#000000&#8243; custom_padding=&#8221;|||&#8221; locked=&#8221;off&#8221; global_colors_info=&#8221;{}&#8221;][et_pb_fullwidth_header title=&#8221;abogac\u00eda&#8221; text_orientation=&#8221;center&#8221; background_overlay_color=&#8221;rgba(0,0,0,0.4)&#8221; content_max_width_last_edited=&#8221;off|desktop&#8221; admin_label=&#8221;Contents&#8221; _builder_version=&#8221;4.14.5&#8243; title_font=&#8221;Oswald|||on|&#8221; title_text_align=&#8221;center&#8221; title_font_size=&#8221;80px&#8221; title_letter_spacing=&#8221;0.05em&#8221; title_line_height=&#8221;1.5em&#8221; subhead_font=&#8221;Nunito|600|||||||&#8221; subhead_font_size=&#8221;20px&#8221; subhead_line_height=&#8221;1.9em&#8221; background_color=&#8221;rgba(255, 255, 255, 0)&#8221; background_image=&#8221;https:\/\/noeliamartinez.com\/wp-content\/uploads\/2022\/01\/pexels-olia-danilevich-5313158-scaled-e1642417574781.jpg&#8221; parallax=&#8221;on&#8221; parallax_method=&#8221;on&#8221; custom_button_one=&#8221;on&#8221; button_one_text_size=&#8221;15px&#8221; button_one_bg_color=&#8221;#dca57d&#8221; button_one_border_width=&#8221;10px&#8221; button_one_border_color=&#8221;#dca57d&#8221; button_one_border_radius=&#8221;0px&#8221; button_one_letter_spacing=&#8221;3px&#8221; button_one_font=&#8221;Oswald|||on|&#8221; button_one_use_icon=&#8221;off&#8221; custom_margin=&#8221;|||&#8221; custom_padding=&#8221;5%||5%|&#8221; animation_style=&#8221;fade&#8221; animation_starting_opacity=&#8221;50%&#8221; animation_speed_curve=&#8221;ease-in&#8221; title_font_size_tablet=&#8221;60px&#8221; title_font_size_phone=&#8221;40px&#8221; title_font_size_last_edited=&#8221;on|phone&#8221; button_one_border_color_hover=&#8221;#c99872&#8243; button_one_border_radius_hover=&#8221;0px&#8221; button_one_letter_spacing_hover=&#8221;3px&#8221; button_one_bg_color_hover=&#8221;#c99872&#8243; global_colors_info=&#8221;{}&#8221; button_one_text_size__hover_enabled=&#8221;off&#8221; button_two_text_size__hover_enabled=&#8221;off&#8221; button_one_text_color__hover_enabled=&#8221;off&#8221; button_two_text_color__hover_enabled=&#8221;off&#8221; button_one_border_width__hover_enabled=&#8221;off&#8221; button_two_border_width__hover_enabled=&#8221;off&#8221; button_one_border_color__hover_enabled=&#8221;on&#8221; button_one_border_color__hover=&#8221;#c99872&#8243; button_two_border_color__hover_enabled=&#8221;off&#8221; button_one_border_radius__hover_enabled=&#8221;on&#8221; button_one_border_radius__hover=&#8221;0px&#8221; button_two_border_radius__hover_enabled=&#8221;off&#8221; button_one_letter_spacing__hover_enabled=&#8221;on&#8221; button_one_letter_spacing__hover=&#8221;3px&#8221; button_two_letter_spacing__hover_enabled=&#8221;off&#8221; button_one_bg_color__hover_enabled=&#8221;on&#8221; button_one_bg_color__hover=&#8221;#c99872&#8243; button_two_bg_color__hover_enabled=&#8221;off&#8221;][\/et_pb_fullwidth_header][\/et_pb_section][et_pb_section fb_built=&#8221;1&#8243; admin_label=&#8221;Developer Documentation Section&#8221; _builder_version=&#8221;3.22&#8243; background_color=&#8221;#f8fbfe&#8221; custom_padding=&#8221;53px|0px|2px|0px||&#8221; global_colors_info=&#8221;{}&#8221;][et_pb_row use_custom_gutter=&#8221;on&#8221; gutter_width=&#8221;2&#8243; _builder_version=&#8221;4.14.5&#8243; custom_padding=&#8221;|||&#8221; global_colors_info=&#8221;{}&#8221;][et_pb_column type=&#8221;4_4&#8243; _builder_version=&#8221;3.25&#8243; background_color_gradient_start=&#8221;#3D72E7&#8243; background_color_gradient_end=&#8221;#53a0fe&#8221; background_color_gradient_direction=&#8221;243deg&#8221; custom_padding=&#8221;|||&#8221; global_colors_info=&#8221;{}&#8221; custom_padding__hover=&#8221;|||&#8221;][et_pb_text _builder_version=&#8221;4.14.7&#8243; text_font=&#8221;Nunito Sans||||||||&#8221; text_text_color=&#8221;#959baf&#8221; text_font_size=&#8221;18px&#8221; text_line_height=&#8221;1.8em&#8221; header_font=&#8221;||||||||&#8221; header_2_font=&#8221;Nunito Sans|700|||||||&#8221; header_2_text_color=&#8221;#535b7c&#8221; header_2_font_size=&#8221;35px&#8221; header_2_line_height=&#8221;1.3em&#8221; header_3_font=&#8221;Oswald||||||||&#8221; header_3_text_color=&#8221;#000000&#8243; header_3_font_size=&#8221;25px&#8221; header_3_line_height=&#8221;1.3em&#8221; max_width=&#8221;700px&#8221; module_alignment=&#8221;center&#8221; hover_enabled=&#8221;0&#8243; global_colors_info=&#8221;{}&#8221; sticky_enabled=&#8221;0&#8243;]<\/p>\n<div id=\"undefinedContainer\" style=\"position: fixed; bottom: 50px; right: 30px; z-index: 9999; min-width: 25%; overflow: visible; color: white;\"><\/div>\n<h3 style=\"text-align: center;\">Despacho de referencia en Propiedad Horizontal<\/h3>\n<p>[\/et_pb_text][et_pb_accordion open_toggle_background_color=&#8221;#ffffff&#8221; closed_toggle_background_color=&#8221;#ffffff&#8221; icon_color=&#8221;RGBA(255,255,255,0)&#8221; _builder_version=&#8221;4.14.7&#8243; toggle_level=&#8221;h3&#8243; toggle_font=&#8221;Nunito|700|||||||&#8221; toggle_text_align=&#8221;left&#8221; toggle_font_size=&#8221;20px&#8221; body_font=&#8221;Nunito|700|||||||&#8221; body_font_size=&#8221;15px&#8221; custom_margin=&#8221;||100px|&#8221; custom_padding=&#8221;|||&#8221; border_radii=&#8221;on|4px|4px|4px|4px&#8221; border_width_all=&#8221;0px&#8221; border_color_all=&#8221;#d9d9d9&#8243; border_style_all=&#8221;solid&#8221; box_shadow_style=&#8221;preset3&#8243; box_shadow_color=&#8221;rgba(34,56,101,0.12)&#8221; use_border_color=&#8221;on&#8221; border_width=&#8221;0px&#8221; global_colors_info=&#8221;{}&#8221;][et_pb_accordion_item title=&#8221;1. Reclamaci\u00f3n gastos hipotecarios y tarjetas Revolving&#8221; icon_color=&#8221;#4477c2&#8243; toggle_icon=&#8221;&#x50;||divi||400&#8243; use_icon_font_size=&#8221;on&#8221; _builder_version=&#8221;4.14.5&#8243; global_colors_info=&#8221;{}&#8221; open=&#8221;on&#8221;]<\/p>\n<p>Reclamamos los gastos de formalizaci\u00f3n de hipoteca relativos a Notar\u00eda, Registro, Gestor\u00eda y tasaci\u00f3n. 100% de sentencias favorables por cl\u00e1usulas abusivas .<\/p>\n<p>[\/et_pb_accordion_item][et_pb_accordion_item title=&#8221;2. Derecho de familia&#8221; icon_color=&#8221;#4a77c2&#8243; toggle_icon=&#8221;&#x50;||divi||400&#8243; _builder_version=&#8221;4.14.5&#8243; global_colors_info=&#8221;{}&#8221; open=&#8221;off&#8221;]<\/p>\n<p>Divorcios y separaciones, medidas paternofiliales, custodias compartidas e incapacidades<\/p>\n<p>[\/et_pb_accordion_item][et_pb_accordion_item title=&#8221;3. Herencias y sucesiones&#8221; icon_color=&#8221;#4a77c2&#8243; toggle_icon=&#8221;&#x50;||divi||400&#8243; _builder_version=&#8221;4.14.5&#8243; global_colors_info=&#8221;{}&#8221; open=&#8221;off&#8221;]<\/p>\n<p>Liquidaciones de impuestos, adjudicaciones de herencias y declaraciones de herederos<\/p>\n<p>[\/et_pb_accordion_item][et_pb_accordion_item title=&#8221;4. Arrendamientos y Desahucios&#8221; _builder_version=&#8221;4.14.5&#8243; global_colors_info=&#8221;{}&#8221; open=&#8221;off&#8221;][\/et_pb_accordion_item][et_pb_accordion_item title=&#8221;5. Contratos&#8221; icon_color=&#8221;#4a77c2&#8243; toggle_icon=&#8221;&#x50;||divi||400&#8243; _builder_version=&#8221;4.14.5&#8243; global_colors_info=&#8221;{}&#8221; open=&#8221;off&#8221;]<\/p>\n<p>Compraventa, arrendamientos y arras<\/p>\n<p>[\/et_pb_accordion_item][et_pb_accordion_item title=&#8221;6. Reclamaciones de cantidad&#8221; icon_color=&#8221;#4a77c2&#8243; toggle_icon=&#8221;&#x50;||divi||400&#8243; _builder_version=&#8221;4.14.7&#8243; global_colors_info=&#8221;{}&#8221; open=&#8221;off&#8221;]<\/p>\n<div id=\"undefinedContainer\" style=\"position: fixed; bottom: 50px; right: 30px; z-index: 9999; min-width: 25%; overflow: visible; color: white;\"><\/div>\n<p>Reclamaciones morosos en Comunidades de Propietarios<\/p>\n<p>[\/et_pb_accordion_item][et_pb_accordion_item title=&#8221;7. Violencia de g\u00e9nero&#8221; open=&#8221;off&#8221; icon_color=&#8221;#4477c2&#8243; toggle_icon=&#8221;&#x50;||divi||400&#8243; _builder_version=&#8221;4.14.7&#8243; global_colors_info=&#8221;{}&#8221;]<\/p>\n<p>Asistencia 24 horas a detenidos en Comisar\u00eda<\/p>\n<p>[\/et_pb_accordion_item][\/et_pb_accordion][\/et_pb_column][\/et_pb_row][\/et_pb_section][et_pb_section fb_built=&#8221;1&#8243; admin_label=&#8221;CTA Section&#8221; _builder_version=&#8221;4.14.5&#8243; background_color=&#8221;#1f5b94&#8243; use_background_color_gradient=&#8221;on&#8221; background_color_gradient_start=&#8221;#1f5b94&#8243; background_color_gradient_end=&#8221;#1f5b94&#8243; background_color_gradient_overlays_image=&#8221;on&#8221; background_image=&#8221;https:\/\/noeliamartinez.com\/wp-content\/uploads\/2022\/01\/pexels-snapwire-618613-1-scaled-e1642037066838.jpg&#8221; parallax=&#8221;on&#8221; custom_padding=&#8221;25px||11px|||&#8221; global_colors_info=&#8221;{}&#8221;][et_pb_row admin_label=&#8221;CTA Area&#8221; _builder_version=&#8221;3.25&#8243; locked=&#8221;off&#8221; global_colors_info=&#8221;{}&#8221;][et_pb_column type=&#8221;4_4&#8243; _builder_version=&#8221;3.25&#8243; custom_padding=&#8221;|||&#8221; global_colors_info=&#8221;{}&#8221; custom_padding__hover=&#8221;|||&#8221;][et_pb_text _builder_version=&#8221;3.27.4&#8243; text_font=&#8221;Montserrat||||||||&#8221; text_font_size=&#8221;48px&#8221; text_line_height=&#8221;1.5em&#8221; text_orientation=&#8221;center&#8221; background_layout=&#8221;dark&#8221; module_alignment=&#8221;center&#8221; custom_margin=&#8221;||0px|||&#8221; custom_padding=&#8221;||20px|&#8221; animation_style=&#8221;flip&#8221; animation_intensity_flip=&#8221;20%&#8221; animation_starting_opacity=&#8221;200%&#8221; global_colors_info=&#8221;{}&#8221;]<\/p>\n<p>\u00bfTiene alguna duda? No dude en ponerse en contacto con nosotros<\/p>\n<p>[\/et_pb_text][et_pb_button button_url=&#8221;@ET-DC@eyJkeW5hbWljIjp0cnVlLCJjb250ZW50IjoicG9zdF9saW5rX3VybF9wYWdlIiwic2V0dGluZ3MiOnsicG9zdF9pZCI6IjE2In19@&#8221; button_text=&#8221;contacte con nosotros&#8221; button_alignment=&#8221;center&#8221; _builder_version=&#8221;4.14.5&#8243; _dynamic_attributes=&#8221;button_url&#8221; custom_button=&#8221;on&#8221; button_text_size=&#8221;16px&#8221; button_text_color=&#8221;#1f5b94&#8243; button_bg_color=&#8221;#ffffff&#8221; button_border_width=&#8221;0px&#8221; button_letter_spacing=&#8221;2px&#8221; button_font=&#8221;Montserrat|600||on|||||&#8221; custom_margin=&#8221;|||&#8221; custom_padding=&#8221;12px||12px|&#8221; animation_style=&#8221;fade&#8221; button_letter_spacing_hover=&#8221;2px&#8221; global_colors_info=&#8221;{}&#8221; button_text_size__hover_enabled=&#8221;off&#8221; button_one_text_size__hover_enabled=&#8221;off&#8221; button_two_text_size__hover_enabled=&#8221;off&#8221; button_text_color__hover_enabled=&#8221;off&#8221; button_one_text_color__hover_enabled=&#8221;off&#8221; button_two_text_color__hover_enabled=&#8221;off&#8221; button_border_width__hover_enabled=&#8221;off&#8221; button_one_border_width__hover_enabled=&#8221;off&#8221; button_two_border_width__hover_enabled=&#8221;off&#8221; button_border_color__hover_enabled=&#8221;off&#8221; button_one_border_color__hover_enabled=&#8221;off&#8221; button_two_border_color__hover_enabled=&#8221;off&#8221; button_border_radius__hover_enabled=&#8221;off&#8221; button_one_border_radius__hover_enabled=&#8221;off&#8221; button_two_border_radius__hover_enabled=&#8221;off&#8221; button_letter_spacing__hover_enabled=&#8221;on&#8221; button_letter_spacing__hover=&#8221;2px&#8221; button_one_letter_spacing__hover_enabled=&#8221;off&#8221; button_two_letter_spacing__hover_enabled=&#8221;off&#8221; button_bg_color__hover_enabled=&#8221;off&#8221; button_one_bg_color__hover_enabled=&#8221;off&#8221; button_two_bg_color__hover_enabled=&#8221;off&#8221;][\/et_pb_button][\/et_pb_column][\/et_pb_row][\/et_pb_section]<\/p>\n","protected":false},"excerpt":{"rendered":"<p>Despacho de referencia en Propiedad HorizontalReclamamos los gastos de formalizaci\u00f3n de hipoteca relativos a Notar\u00eda, Registro, Gestor\u00eda y tasaci\u00f3n. 100% de sentencias favorables por cl\u00e1usulas abusivas .Divorcios y separaciones, medidas paternofiliales, custodias compartidas e incapacidadesLiquidaciones de impuestos, adjudicaciones de herencias y declaraciones de herederosCompraventa, arrendamientos y arras Reclamaciones morosos en Comunidades de PropietariosAsistencia 24 horas [&hellip;]<\/p>\n","protected":false},"author":1,"featured_media":0,"parent":0,"menu_order":0,"comment_status":"closed","ping_status":"closed","template":"","meta":{"_et_pb_use_builder":"on","_et_pb_old_content":"<!-- wp:divi\/placeholder \/-->","_et_gb_content_width":"","_joinchat":[],"footnotes":""},"class_list":["post-22","page","type-page","status-publish","hentry"],"yoast_head":"<!-- This site is optimized with the Yoast SEO plugin v25.0 - https:\/\/yoast.com\/wordpress\/plugins\/seo\/ -->\r\n<title>Abogac\u00eda | noeliamartinez<\/title>\r\n<meta name=\"robots\" content=\"index, follow, max-snippet:-1, max-image-preview:large, max-video-preview:-1\" \/>\r\n<link rel=\"canonical\" href=\"https:\/\/noeliamartinez.com\/index.php\/abogacia\/\" \/>\r\n<meta property=\"og:locale\" content=\"es_ES\" \/>\r\n<meta property=\"og:type\" content=\"article\" \/>\r\n<meta property=\"og:title\" content=\"Abogac\u00eda | noeliamartinez\" \/>\r\n<meta property=\"og:description\" content=\"Despacho de referencia en Propiedad HorizontalReclamamos los gastos de formalizaci\u00f3n de hipoteca relativos a Notar\u00eda, Registro, Gestor\u00eda y tasaci\u00f3n. 100% de sentencias favorables por cl\u00e1usulas abusivas .Divorcios y separaciones, medidas paternofiliales, custodias compartidas e incapacidadesLiquidaciones de impuestos, adjudicaciones de herencias y declaraciones de herederosCompraventa, arrendamientos y arras Reclamaciones morosos en Comunidades de PropietariosAsistencia 24 horas [&hellip;]\" \/>\r\n<meta property=\"og:url\" content=\"https:\/\/noeliamartinez.com\/index.php\/abogacia\/\" \/>\r\n<meta property=\"og:site_name\" content=\"noeliamartinez\" \/>\r\n<meta property=\"article:modified_time\" content=\"2022-01-21T22:29:04+00:00\" \/>\r\n<meta name=\"twitter:card\" content=\"summary_large_image\" \/>\r\n<meta name=\"twitter:label1\" content=\"Tiempo de lectura\" \/>\n\t<meta name=\"twitter:data1\" content=\"6 minutos\" \/>\r\n<script type=\"application\/ld+json\" class=\"yoast-schema-graph\">{\"@context\":\"https:\/\/schema.org\",\"@graph\":[{\"@type\":\"WebPage\",\"@id\":\"https:\/\/noeliamartinez.com\/index.php\/abogacia\/\",\"url\":\"https:\/\/noeliamartinez.com\/index.php\/abogacia\/\",\"name\":\"Abogac\u00eda | noeliamartinez\",\"isPartOf\":{\"@id\":\"https:\/\/noeliamartinez.com\/#website\"},\"datePublished\":\"2022-01-12T22:59:04+00:00\",\"dateModified\":\"2022-01-21T22:29:04+00:00\",\"breadcrumb\":{\"@id\":\"https:\/\/noeliamartinez.com\/index.php\/abogacia\/#breadcrumb\"},\"inLanguage\":\"es\",\"potentialAction\":[{\"@type\":\"ReadAction\",\"target\":[\"https:\/\/noeliamartinez.com\/index.php\/abogacia\/\"]}]},{\"@type\":\"BreadcrumbList\",\"@id\":\"https:\/\/noeliamartinez.com\/index.php\/abogacia\/#breadcrumb\",\"itemListElement\":[{\"@type\":\"ListItem\",\"position\":1,\"name\":\"Portada\",\"item\":\"https:\/\/noeliamartinez.com\/\"},{\"@type\":\"ListItem\",\"position\":2,\"name\":\"Abogac\u00eda\"}]},{\"@type\":\"WebSite\",\"@id\":\"https:\/\/noeliamartinez.com\/#website\",\"url\":\"https:\/\/noeliamartinez.com\/\",\"name\":\"noeliamartinez\",\"description\":\"Abogada administradora de fincas\",\"publisher\":{\"@id\":\"https:\/\/noeliamartinez.com\/#\/schema\/person\/a39ae016482c4643b76b9f573e7e62db\"},\"potentialAction\":[{\"@type\":\"SearchAction\",\"target\":{\"@type\":\"EntryPoint\",\"urlTemplate\":\"https:\/\/noeliamartinez.com\/?s={search_term_string}\"},\"query-input\":{\"@type\":\"PropertyValueSpecification\",\"valueRequired\":true,\"valueName\":\"search_term_string\"}}],\"inLanguage\":\"es\"},{\"@type\":[\"Person\",\"Organization\"],\"@id\":\"https:\/\/noeliamartinez.com\/#\/schema\/person\/a39ae016482c4643b76b9f573e7e62db\",\"name\":\"Noelia Mart\u00ednez\",\"image\":{\"@type\":\"ImageObject\",\"inLanguage\":\"es\",\"@id\":\"https:\/\/noeliamartinez.com\/#\/schema\/person\/image\/\",\"url\":\"https:\/\/noeliamartinez.com\/wp-content\/uploads\/2022\/01\/cropped-Sin-titulo-1.png\",\"contentUrl\":\"https:\/\/noeliamartinez.com\/wp-content\/uploads\/2022\/01\/cropped-Sin-titulo-1.png\",\"width\":512,\"height\":512,\"caption\":\"Noelia Mart\u00ednez\"},\"logo\":{\"@id\":\"https:\/\/noeliamartinez.com\/#\/schema\/person\/image\/\"}}]}<\/script>\r\n<!-- \/ Yoast SEO plugin. -->","yoast_head_json":{"title":"Abogac\u00eda | noeliamartinez","robots":{"index":"index","follow":"follow","max-snippet":"max-snippet:-1","max-image-preview":"max-image-preview:large","max-video-preview":"max-video-preview:-1"},"canonical":"https:\/\/noeliamartinez.com\/index.php\/abogacia\/","og_locale":"es_ES","og_type":"article","og_title":"Abogac\u00eda | noeliamartinez","og_description":"Despacho de referencia en Propiedad HorizontalReclamamos los gastos de formalizaci\u00f3n de hipoteca relativos a Notar\u00eda, Registro, Gestor\u00eda y tasaci\u00f3n. 100% de sentencias favorables por cl\u00e1usulas abusivas .Divorcios y separaciones, medidas paternofiliales, custodias compartidas e incapacidadesLiquidaciones de impuestos, adjudicaciones de herencias y declaraciones de herederosCompraventa, arrendamientos y arras Reclamaciones morosos en Comunidades de PropietariosAsistencia 24 horas [&hellip;]","og_url":"https:\/\/noeliamartinez.com\/index.php\/abogacia\/","og_site_name":"noeliamartinez","article_modified_time":"2022-01-21T22:29:04+00:00","twitter_card":"summary_large_image","twitter_misc":{"Tiempo de lectura":"6 minutos"},"schema":{"@context":"https:\/\/schema.org","@graph":[{"@type":"WebPage","@id":"https:\/\/noeliamartinez.com\/index.php\/abogacia\/","url":"https:\/\/noeliamartinez.com\/index.php\/abogacia\/","name":"Abogac\u00eda | noeliamartinez","isPartOf":{"@id":"https:\/\/noeliamartinez.com\/#website"},"datePublished":"2022-01-12T22:59:04+00:00","dateModified":"2022-01-21T22:29:04+00:00","breadcrumb":{"@id":"https:\/\/noeliamartinez.com\/index.php\/abogacia\/#breadcrumb"},"inLanguage":"es","potentialAction":[{"@type":"ReadAction","target":["https:\/\/noeliamartinez.com\/index.php\/abogacia\/"]}]},{"@type":"BreadcrumbList","@id":"https:\/\/noeliamartinez.com\/index.php\/abogacia\/#breadcrumb","itemListElement":[{"@type":"ListItem","position":1,"name":"Portada","item":"https:\/\/noeliamartinez.com\/"},{"@type":"ListItem","position":2,"name":"Abogac\u00eda"}]},{"@type":"WebSite","@id":"https:\/\/noeliamartinez.com\/#website","url":"https:\/\/noeliamartinez.com\/","name":"noeliamartinez","description":"Abogada administradora de fincas","publisher":{"@id":"https:\/\/noeliamartinez.com\/#\/schema\/person\/a39ae016482c4643b76b9f573e7e62db"},"potentialAction":[{"@type":"SearchAction","target":{"@type":"EntryPoint","urlTemplate":"https:\/\/noeliamartinez.com\/?s={search_term_string}"},"query-input":{"@type":"PropertyValueSpecification","valueRequired":true,"valueName":"search_term_string"}}],"inLanguage":"es"},{"@type":["Person","Organization"],"@id":"https:\/\/noeliamartinez.com\/#\/schema\/person\/a39ae016482c4643b76b9f573e7e62db","name":"Noelia Mart\u00ednez","image":{"@type":"ImageObject","inLanguage":"es","@id":"https:\/\/noeliamartinez.com\/#\/schema\/person\/image\/","url":"https:\/\/noeliamartinez.com\/wp-content\/uploads\/2022\/01\/cropped-Sin-titulo-1.png","contentUrl":"https:\/\/noeliamartinez.com\/wp-content\/uploads\/2022\/01\/cropped-Sin-titulo-1.png","width":512,"height":512,"caption":"Noelia Mart\u00ednez"},"logo":{"@id":"https:\/\/noeliamartinez.com\/#\/schema\/person\/image\/"}}]}},"_links":{"self":[{"href":"https:\/\/noeliamartinez.com\/index.php\/wp-json\/wp\/v2\/pages\/22","targetHints":{"allow":["GET"]}}],"collection":[{"href":"https:\/\/noeliamartinez.com\/index.php\/wp-json\/wp\/v2\/pages"}],"about":[{"href":"https:\/\/noeliamartinez.com\/index.php\/wp-json\/wp\/v2\/types\/page"}],"author":[{"embeddable":true,"href":"https:\/\/noeliamartinez.com\/index.php\/wp-json\/wp\/v2\/users\/1"}],"replies":[{"embeddable":true,"href":"https:\/\/noeliamartinez.com\/index.php\/wp-json\/wp\/v2\/comments?post=22"}],"version-history":[{"count":14,"href":"https:\/\/noeliamartinez.com\/index.php\/wp-json\/wp\/v2\/pages\/22\/revisions"}],"predecessor-version":[{"id":2801,"href":"https:\/\/noeliamartinez.com\/index.php\/wp-json\/wp\/v2\/pages\/22\/revisions\/2801"}],"wp:attachment":[{"href":"https:\/\/noeliamartinez.com\/index.php\/wp-json\/wp\/v2\/media?parent=22"}],"curies":[{"name":"wp","href":"https:\/\/api.w.org\/{rel}","templated":true}]}}