{"id":2417,"date":"2022-01-12T23:42:00","date_gmt":"2022-01-12T23:42:00","guid":{"rendered":"http:\/\/noeliamartinez.com\/?page_id=2417"},"modified":"2022-01-26T19:36:28","modified_gmt":"2022-01-26T19:36:28","slug":"politica-de-privacidad","status":"publish","type":"page","link":"https:\/\/noeliamartinez.com\/index.php\/politica-de-privacidad\/","title":{"rendered":"Pol\u00edtica de privacidad"},"content":{"rendered":"<p>[et_pb_section fb_built=&#8221;1&#8243; _builder_version=&#8221;4.14.5&#8243; _module_preset=&#8221;default&#8221; global_colors_info=&#8221;{}&#8221;][et_pb_row _builder_version=&#8221;4.14.5&#8243; _module_preset=&#8221;default&#8221; global_colors_info=&#8221;{}&#8221;][et_pb_column type=&#8221;4_4&#8243; _builder_version=&#8221;4.14.5&#8243; _module_preset=&#8221;default&#8221; global_colors_info=&#8221;{}&#8221;][et_pb_text _builder_version=&#8221;4.14.7&#8243; _module_preset=&#8221;default&#8221; global_colors_info=&#8221;{}&#8221;]<\/p>\n<h1><strong>POL\u00cdTICA DE PRIVACIDAD<\/strong><\/h1>\n<p>&nbsp;<\/p>\n<p><span style=\"text-align: justify;\">De acuerdo con la normativa de Protecci\u00f3n de Datos de Car\u00e1cter Personal, procedemos a informarle del tratamiento de datos personales que realizamos de nuestros clientes y\/o usuarios de la presente p\u00e1gina web.<\/span><\/p>\n<div>\n<p style=\"text-align: justify;\">\n<\/div>\n<div style=\"text-align: justify;\">\n<ol>\n<li><span><strong>RESPONSABLE DEL TRATAMIENTO DE DATOS<\/strong><\/span><\/li>\n<\/ol>\n<p><span style=\"font-size: 14px;\">Noelia Mart\u00ednez<\/span><\/p>\n<p>Avenida Alcalde Jos\u00e9\u00a0Fernand\u00edn 14, 1B &#8211; 33450, Castrill\u00f3n (Asturias)<\/p>\n<p><span><a href=\"mailto:contacto@noeliamartinez.com\">contacto@noeliamartinez.com<\/a><\/span><\/p>\n<ol start=\"2\">\n<li><span><strong>FINALIDAD DEL TRATAMIENTO, LEGITIMACI\u00d3N Y PLAZO DE CONSERVACI\u00d3N<\/strong><\/span><\/li>\n<\/ol>\n<p>Noelia Mart\u00ednez podr\u00e1 tratar sus datos de car\u00e1cter personal de acuerdo con las siguientes finalidades:<\/p>\n<p><strong>SOLICITUD DE PRESUPUESTO<\/strong><\/p>\n<ul>\n<li><strong>Finalidad de tratamiento:<\/strong> Remitirle un presupuesto acorde con las necesidades reflejadas en su mensaje.<\/li>\n<\/ul>\n<p>Nos pondremos en contacto con usted para solicitarle informaci\u00f3n adicional sobre su empresa en base al presupuesto solicitado, para poder ajustar nuestras tarifas a su casu\u00edstica concreta.<\/p>\n<p>Nunca se le solicitar\u00e1 m\u00e1s informaci\u00f3n que la estrictamente necesaria para la prestaci\u00f3n del servicio.<\/p>\n<p>En caso de aceptaci\u00f3n del presupuesto, le informaremos del tratamiento de datos derivado de la contrataci\u00f3n del servicio.<\/p>\n<ul>\n<li><strong>Legitimaci\u00f3n:<\/strong> El tratamiento de los datos est\u00e1 legitimado por el inter\u00e9s leg\u00edtimo que supone su inter\u00e9s en contratar nuestros servicios. En todo caso, nos otorgar\u00e1 su consentimiento expreso al marcar la casilla <em>\u201cHe le\u00eddo y acepto la Pol\u00edtica de Privacidad\u201d.<\/em><\/li>\n<li><strong>Plazo de conservaci\u00f3n:<\/strong> durante el tiempo necesario para gestionar los tr\u00e1mites derivados de la solicitud del presupuesto, incluyendo posibles quejas o reclamaciones asociados al mismo.<\/li>\n<\/ul>\n<p>Conservaremos adem\u00e1s, los datos estrictamente necesarios para cumplir con las obligaciones administrativas derivadas de la gesti\u00f3n de las propuestas econ\u00f3micas.<\/p>\n<p><strong>TRABAJA CON NOSOTROS<\/strong><\/p>\n<ul>\n<li><strong>Finalidad de tratamiento:<\/strong> utilizaremos los datos para hacerle participar en los posibles procesos de selecci\u00f3n de Noelia Mart\u00ednez.<\/li>\n<\/ul>\n<p>En caso de que su candidatura se ajuste a alguna de nuestras vacantes, nos pondremos en contacto con usted para fijar una entrevista personal.<\/p>\n<ul>\n<li><strong>Legitimaci\u00f3n:<\/strong> El tratamiento de los datos est\u00e1 legitimado por el consentimiento que nos otorga al \u00a0marcar la casilla <em>\u201cHe le\u00eddo y acepto la Pol\u00edtica de Privacidad\u201d.<\/em><\/li>\n<li><strong>Plazo de conservaci\u00f3n:<\/strong> conservaremos los datos asociados a su curr\u00edculum durante 1 a\u00f1o. Una vez transcurrido ese plazo, procederemos a la destrucci\u00f3n de los mismos.<\/li>\n<\/ul>\n<p><strong>OTRAS CONSULTAS<\/strong><\/p>\n<ul>\n<li><strong>Finalidad de tratamiento:<\/strong> trataremos los datos estrictamente necesarios para gestionar su petici\u00f3n.<\/li>\n<li><strong>Legitimaci\u00f3n:<\/strong> existe un inter\u00e9s leg\u00edtimo por ambas partes para la resoluci\u00f3n de solicitudes o consultas.<\/li>\n<\/ul>\n<p>En caso de reclamaciones relacionadas con nuestros servicios, la legitimaci\u00f3n es el cumplimiento de obligaciones legales por nuestra parte.<\/p>\n<ul>\n<li><strong>Plazo de conservaci\u00f3n:<\/strong> el tiempo necesario para dar respuesta a su solicitud y en cualquier caso, hasta que transcurra el plazo de prescripci\u00f3n de posibles acciones de responsabilidad derivadas del tratamiento.<\/li>\n<\/ul>\n<\/div>\n<div style=\"text-align: justify;\">\n<ol start=\"3\">\n<li><span><strong>POL\u00cdTICA DE COOKIES<\/strong><\/span><\/li>\n<\/ol>\n<\/div>\n<p style=\"text-align: justify;\">Para revisar el tratamiento de datos relativo a las cookies, puede consultar la <strong><a href=\"https:\/\/noeliamartinez.com\/index.php\/politica-de-cookies\/\">Pol\u00edtica de Cookies<\/a><\/strong>, disponible en esta misma p\u00e1gina web.<\/p>\n<p style=\"text-align: justify;\">Podr\u00e1 configurar sus preferencias respecto al uso de cookies en el propio aviso de configuraci\u00f3n de cookies.<\/p>\n<div>\n<ol start=\"4\" style=\"text-align: justify;\">\n<li><span><strong>DERECHOS<\/strong><\/span><\/li>\n<\/ol>\n<p style=\"text-align: justify;\">Le informamos de sus derechos en materia de Protecci\u00f3n de Datos.<\/p>\n<ol start=\"4\" style=\"text-align: justify;\">\n<li style=\"list-style-type: none;\">\n<ol start=\"4\">\n<li style=\"list-style-type: none;\">\n<ul>\n<li>Derecho a solicitar el acceso a sus datos personales.<\/li>\n<li>Derecho a solicitar su rectificaci\u00f3n o supresi\u00f3n.<\/li>\n<li>Derecho a solicitar la limitaci\u00f3n de su tratamiento, y a oponerse al tratamiento.<\/li>\n<li>Derecho a la portabilidad de los datos.<\/li>\n<li>Derecho a la retirada de su consentimiento.<\/li>\n<\/ul>\n<\/li>\n<\/ol>\n<\/li>\n<\/ol>\n<p style=\"text-align: justify;\">Puede enviar su solicitud a trav\u00e9s de la cuenta de correo electr\u00f3nico: <a href=\"mailto:contacto@noeliamartinez.com\">contacto@noeliamartinez.com<\/a><\/p>\n<p style=\"text-align: justify;\">Si considera que no hemos atendido correctamente sus derechos, podr\u00e1 formular una reclamaci\u00f3n ante la Agencia Espa\u00f1ola de Protecci\u00f3n de Datos, a trav\u00e9s de las siguientes v\u00edas:<\/p>\n<ul>\n<li style=\"list-style-type: none;\">\n<ul>\n<li>Sede electr\u00f3nica: <a href=\"http:\/\/www.aepd.es\/\">aepd.es<\/a><\/li>\n<li>Correo postal: C\/ Jorge Juan 6, 28001 \u2013 Madrid<\/li>\n<li>Tel\u00e9fono: 901 100 099 \u2013 91 266 35 17<\/li>\n<\/ul>\n<\/li>\n<\/ul>\n<ol start=\"5\" style=\"text-align: justify;\">\n<li><span><strong>MEDIDAS DE SEGURIDAD<\/strong><\/span><\/li>\n<\/ol>\n<p style=\"text-align: justify;\">Noelia Mart\u00ednez tiene implantadas las medidas t\u00e9cnicas y organizativas necesarias para garantizar la seguridad de sus datos de car\u00e1cter personal y evitar su alteraci\u00f3n, la p\u00e9rdida y el tratamiento y\/o el acceso no autorizado, teniendo en cuenta el estado de la tecnolog\u00eda, la naturaleza de los datos almacenados y los riesgos provenientes de la acci\u00f3n humana o del medio f\u00edsico y natural a que est\u00e1n expuestas.<\/p>\n<\/div>\n<p>[\/et_pb_text][\/et_pb_column][\/et_pb_row][\/et_pb_section]<\/p>\n","protected":false},"excerpt":{"rendered":"<p>POL\u00cdTICA DE PRIVACIDAD &nbsp; De acuerdo con la normativa de Protecci\u00f3n de Datos de Car\u00e1cter Personal, procedemos a informarle del tratamiento de datos personales que realizamos de nuestros clientes y\/o usuarios de la presente p\u00e1gina web. RESPONSABLE DEL TRATAMIENTO DE DATOS Noelia Mart\u00ednez Avenida Alcalde Jos\u00e9\u00a0Fernand\u00edn 14, 1B &#8211; 33450, Castrill\u00f3n (Asturias) contacto@noeliamartinez.com FINALIDAD DEL [&hellip;]<\/p>\n","protected":false},"author":1,"featured_media":0,"parent":0,"menu_order":0,"comment_status":"closed","ping_status":"closed","template":"","meta":{"_et_pb_use_builder":"on","_et_pb_old_content":"<!-- wp:divi\/placeholder \/-->","_et_gb_content_width":"","_joinchat":[],"footnotes":""},"class_list":["post-2417","page","type-page","status-publish","hentry"],"yoast_head":"<!-- This site is optimized with the Yoast SEO plugin v25.0 - https:\/\/yoast.com\/wordpress\/plugins\/seo\/ -->\r\n<title>Pol\u00edtica de privacidad | noeliamartinez<\/title>\r\n<meta name=\"robots\" content=\"index, follow, max-snippet:-1, max-image-preview:large, max-video-preview:-1\" \/>\r\n<link rel=\"canonical\" href=\"https:\/\/noeliamartinez.com\/index.php\/politica-de-privacidad\/\" \/>\r\n<meta property=\"og:locale\" content=\"es_ES\" \/>\r\n<meta property=\"og:type\" content=\"article\" \/>\r\n<meta property=\"og:title\" content=\"Pol\u00edtica de privacidad | noeliamartinez\" \/>\r\n<meta property=\"og:description\" content=\"POL\u00cdTICA DE PRIVACIDAD &nbsp; De acuerdo con la normativa de Protecci\u00f3n de Datos de Car\u00e1cter Personal, procedemos a informarle del tratamiento de datos personales que realizamos de nuestros clientes y\/o usuarios de la presente p\u00e1gina web. RESPONSABLE DEL TRATAMIENTO DE DATOS Noelia Mart\u00ednez Avenida Alcalde Jos\u00e9\u00a0Fernand\u00edn 14, 1B - 33450, Castrill\u00f3n (Asturias) contacto@noeliamartinez.com FINALIDAD DEL [&hellip;]\" \/>\r\n<meta property=\"og:url\" content=\"https:\/\/noeliamartinez.com\/index.php\/politica-de-privacidad\/\" \/>\r\n<meta property=\"og:site_name\" content=\"noeliamartinez\" \/>\r\n<meta property=\"article:modified_time\" content=\"2022-01-26T19:36:28+00:00\" \/>\r\n<meta name=\"twitter:card\" content=\"summary_large_image\" \/>\r\n<meta name=\"twitter:label1\" content=\"Tiempo de lectura\" \/>\n\t<meta name=\"twitter:data1\" content=\"4 minutos\" \/>\r\n<script type=\"application\/ld+json\" class=\"yoast-schema-graph\">{\"@context\":\"https:\/\/schema.org\",\"@graph\":[{\"@type\":\"WebPage\",\"@id\":\"https:\/\/noeliamartinez.com\/index.php\/politica-de-privacidad\/\",\"url\":\"https:\/\/noeliamartinez.com\/index.php\/politica-de-privacidad\/\",\"name\":\"Pol\u00edtica de privacidad | noeliamartinez\",\"isPartOf\":{\"@id\":\"https:\/\/noeliamartinez.com\/#website\"},\"datePublished\":\"2022-01-12T23:42:00+00:00\",\"dateModified\":\"2022-01-26T19:36:28+00:00\",\"breadcrumb\":{\"@id\":\"https:\/\/noeliamartinez.com\/index.php\/politica-de-privacidad\/#breadcrumb\"},\"inLanguage\":\"es\",\"potentialAction\":[{\"@type\":\"ReadAction\",\"target\":[\"https:\/\/noeliamartinez.com\/index.php\/politica-de-privacidad\/\"]}]},{\"@type\":\"BreadcrumbList\",\"@id\":\"https:\/\/noeliamartinez.com\/index.php\/politica-de-privacidad\/#breadcrumb\",\"itemListElement\":[{\"@type\":\"ListItem\",\"position\":1,\"name\":\"Portada\",\"item\":\"https:\/\/noeliamartinez.com\/\"},{\"@type\":\"ListItem\",\"position\":2,\"name\":\"Pol\u00edtica de privacidad\"}]},{\"@type\":\"WebSite\",\"@id\":\"https:\/\/noeliamartinez.com\/#website\",\"url\":\"https:\/\/noeliamartinez.com\/\",\"name\":\"noeliamartinez\",\"description\":\"Abogada administradora de fincas\",\"publisher\":{\"@id\":\"https:\/\/noeliamartinez.com\/#\/schema\/person\/a39ae016482c4643b76b9f573e7e62db\"},\"potentialAction\":[{\"@type\":\"SearchAction\",\"target\":{\"@type\":\"EntryPoint\",\"urlTemplate\":\"https:\/\/noeliamartinez.com\/?s={search_term_string}\"},\"query-input\":{\"@type\":\"PropertyValueSpecification\",\"valueRequired\":true,\"valueName\":\"search_term_string\"}}],\"inLanguage\":\"es\"},{\"@type\":[\"Person\",\"Organization\"],\"@id\":\"https:\/\/noeliamartinez.com\/#\/schema\/person\/a39ae016482c4643b76b9f573e7e62db\",\"name\":\"Noelia Mart\u00ednez\",\"image\":{\"@type\":\"ImageObject\",\"inLanguage\":\"es\",\"@id\":\"https:\/\/noeliamartinez.com\/#\/schema\/person\/image\/\",\"url\":\"https:\/\/noeliamartinez.com\/wp-content\/uploads\/2022\/01\/cropped-Sin-titulo-1.png\",\"contentUrl\":\"https:\/\/noeliamartinez.com\/wp-content\/uploads\/2022\/01\/cropped-Sin-titulo-1.png\",\"width\":512,\"height\":512,\"caption\":\"Noelia Mart\u00ednez\"},\"logo\":{\"@id\":\"https:\/\/noeliamartinez.com\/#\/schema\/person\/image\/\"}}]}<\/script>\r\n<!-- \/ Yoast SEO plugin. -->","yoast_head_json":{"title":"Pol\u00edtica de privacidad | noeliamartinez","robots":{"index":"index","follow":"follow","max-snippet":"max-snippet:-1","max-image-preview":"max-image-preview:large","max-video-preview":"max-video-preview:-1"},"canonical":"https:\/\/noeliamartinez.com\/index.php\/politica-de-privacidad\/","og_locale":"es_ES","og_type":"article","og_title":"Pol\u00edtica de privacidad | noeliamartinez","og_description":"POL\u00cdTICA DE PRIVACIDAD &nbsp; De acuerdo con la normativa de Protecci\u00f3n de Datos de Car\u00e1cter Personal, procedemos a informarle del tratamiento de datos personales que realizamos de nuestros clientes y\/o usuarios de la presente p\u00e1gina web. RESPONSABLE DEL TRATAMIENTO DE DATOS Noelia Mart\u00ednez Avenida Alcalde Jos\u00e9\u00a0Fernand\u00edn 14, 1B - 33450, Castrill\u00f3n (Asturias) contacto@noeliamartinez.com FINALIDAD DEL [&hellip;]","og_url":"https:\/\/noeliamartinez.com\/index.php\/politica-de-privacidad\/","og_site_name":"noeliamartinez","article_modified_time":"2022-01-26T19:36:28+00:00","twitter_card":"summary_large_image","twitter_misc":{"Tiempo de lectura":"4 minutos"},"schema":{"@context":"https:\/\/schema.org","@graph":[{"@type":"WebPage","@id":"https:\/\/noeliamartinez.com\/index.php\/politica-de-privacidad\/","url":"https:\/\/noeliamartinez.com\/index.php\/politica-de-privacidad\/","name":"Pol\u00edtica de privacidad | noeliamartinez","isPartOf":{"@id":"https:\/\/noeliamartinez.com\/#website"},"datePublished":"2022-01-12T23:42:00+00:00","dateModified":"2022-01-26T19:36:28+00:00","breadcrumb":{"@id":"https:\/\/noeliamartinez.com\/index.php\/politica-de-privacidad\/#breadcrumb"},"inLanguage":"es","potentialAction":[{"@type":"ReadAction","target":["https:\/\/noeliamartinez.com\/index.php\/politica-de-privacidad\/"]}]},{"@type":"BreadcrumbList","@id":"https:\/\/noeliamartinez.com\/index.php\/politica-de-privacidad\/#breadcrumb","itemListElement":[{"@type":"ListItem","position":1,"name":"Portada","item":"https:\/\/noeliamartinez.com\/"},{"@type":"ListItem","position":2,"name":"Pol\u00edtica de privacidad"}]},{"@type":"WebSite","@id":"https:\/\/noeliamartinez.com\/#website","url":"https:\/\/noeliamartinez.com\/","name":"noeliamartinez","description":"Abogada administradora de fincas","publisher":{"@id":"https:\/\/noeliamartinez.com\/#\/schema\/person\/a39ae016482c4643b76b9f573e7e62db"},"potentialAction":[{"@type":"SearchAction","target":{"@type":"EntryPoint","urlTemplate":"https:\/\/noeliamartinez.com\/?s={search_term_string}"},"query-input":{"@type":"PropertyValueSpecification","valueRequired":true,"valueName":"search_term_string"}}],"inLanguage":"es"},{"@type":["Person","Organization"],"@id":"https:\/\/noeliamartinez.com\/#\/schema\/person\/a39ae016482c4643b76b9f573e7e62db","name":"Noelia Mart\u00ednez","image":{"@type":"ImageObject","inLanguage":"es","@id":"https:\/\/noeliamartinez.com\/#\/schema\/person\/image\/","url":"https:\/\/noeliamartinez.com\/wp-content\/uploads\/2022\/01\/cropped-Sin-titulo-1.png","contentUrl":"https:\/\/noeliamartinez.com\/wp-content\/uploads\/2022\/01\/cropped-Sin-titulo-1.png","width":512,"height":512,"caption":"Noelia Mart\u00ednez"},"logo":{"@id":"https:\/\/noeliamartinez.com\/#\/schema\/person\/image\/"}}]}},"_links":{"self":[{"href":"https:\/\/noeliamartinez.com\/index.php\/wp-json\/wp\/v2\/pages\/2417","targetHints":{"allow":["GET"]}}],"collection":[{"href":"https:\/\/noeliamartinez.com\/index.php\/wp-json\/wp\/v2\/pages"}],"about":[{"href":"https:\/\/noeliamartinez.com\/index.php\/wp-json\/wp\/v2\/types\/page"}],"author":[{"embeddable":true,"href":"https:\/\/noeliamartinez.com\/index.php\/wp-json\/wp\/v2\/users\/1"}],"replies":[{"embeddable":true,"href":"https:\/\/noeliamartinez.com\/index.php\/wp-json\/wp\/v2\/comments?post=2417"}],"version-history":[{"count":9,"href":"https:\/\/noeliamartinez.com\/index.php\/wp-json\/wp\/v2\/pages\/2417\/revisions"}],"predecessor-version":[{"id":2944,"href":"https:\/\/noeliamartinez.com\/index.php\/wp-json\/wp\/v2\/pages\/2417\/revisions\/2944"}],"wp:attachment":[{"href":"https:\/\/noeliamartinez.com\/index.php\/wp-json\/wp\/v2\/media?parent=2417"}],"curies":[{"name":"wp","href":"https:\/\/api.w.org\/{rel}","templated":true}]}}