{"id":2419,"date":"2022-01-12T23:42:15","date_gmt":"2022-01-12T23:42:15","guid":{"rendered":"http:\/\/noeliamartinez.com\/?page_id=2419"},"modified":"2022-01-26T13:19:25","modified_gmt":"2022-01-26T13:19:25","slug":"politica-de-cookies","status":"publish","type":"page","link":"https:\/\/noeliamartinez.com\/index.php\/politica-de-cookies\/","title":{"rendered":"Pol\u00edtica de cookies"},"content":{"rendered":"<p>[et_pb_section fb_built=&#8221;1&#8243; _builder_version=&#8221;4.14.5&#8243; _module_preset=&#8221;default&#8221; global_colors_info=&#8221;{}&#8221;][et_pb_row _builder_version=&#8221;4.14.5&#8243; _module_preset=&#8221;default&#8221; global_colors_info=&#8221;{}&#8221;][et_pb_column type=&#8221;4_4&#8243; _builder_version=&#8221;4.14.5&#8243; _module_preset=&#8221;default&#8221; global_colors_info=&#8221;{}&#8221;][et_pb_text _builder_version=&#8221;4.14.7&#8243; _module_preset=&#8221;default&#8221; custom_padding=&#8221;0px|||||&#8221; global_colors_info=&#8221;{}&#8221;]<\/p>\n<p><strong style=\"color: #333333; font-size: 30px;\">POL\u00cdTICA DE COOKIES<\/strong><\/p>\n<p style=\"text-align: justify;\"><span style=\"font-weight: 400;\">Una cookie es un fichero que se descarga en su ordenador al acceder a determinadas p\u00e1ginas web. Las cookies permiten a las p\u00e1ginas web, entre otras cosas, almacenar y recuperar informaci\u00f3n sobre los h\u00e1bitos de navegaci\u00f3n de un usuario o de su equipo y, dependiendo de la informaci\u00f3n que contengan y de la forma en que utilice su equipo, pueden utilizarse para reconocer al usuario.<\/span><\/p>\n<p style=\"text-align: justify;\"><i><span style=\"font-weight: 400;\">\u2013 Cookies t\u00e9cnicas:<\/span><\/i><span style=\"font-weight: 400;\"> Son aquellas que permiten al usuario la navegaci\u00f3n a trav\u00e9s de una p\u00e1gina web, plataforma o aplicaci\u00f3n y la utilizaci\u00f3n de las diferentes opciones o servicios que en ella existan como, por ejemplo, controlar el tr\u00e1fico y la comunicaci\u00f3n de datos, identificar la sesi\u00f3n, acceder a partes de acceso restringido, recordar los elementos que integran un pedido, realizar el proceso de compra de un pedido, realizar la solicitud de inscripci\u00f3n o participaci\u00f3n en un evento, utilizar elementos de seguridad durante la navegaci\u00f3n, almacenar contenidos para la difusi\u00f3n de videos o sonido o compartir contenidos a trav\u00e9s de redes sociales.<\/span><\/p>\n<p style=\"text-align: justify;\"><span style=\"font-weight: 400;\">C\u00d3MO DENEGAR,\u00a0 REVOCAR EL CONSENTIMIENTO DE COOKIES O ELIMINARLAS<\/span><\/p>\n<p style=\"text-align: justify;\"><span style=\"font-weight: 400;\">Las cookies pueden bloquearse o eliminarse mediante la configuraci\u00f3n del navegador. En los siguientes enlaces se detalla c\u00f3mo hacerlo en cada uno de los navegadores m\u00e1s utilizados.<\/span><\/p>\n<p style=\"text-align: justify;\"><span style=\"font-weight: 400;\"><\/span><\/p>\n<ul style=\"text-align: justify;\">\n<li style=\"font-weight: 400;\" aria-level=\"1\"><span style=\"font-weight: 400;\">C\u00f3mo administrar cookies en <\/span><a href=\"http:\/\/support.google.com\/chrome\/bin\/answer.py?hl=es&amp;answer=95647\"><span style=\"font-weight: 400;\">Google Chrome<\/span><\/a><\/li>\n<li style=\"font-weight: 400;\" aria-level=\"1\"><span style=\"font-weight: 400;\">C\u00f3mo administrar cookies en <\/span><a href=\"http:\/\/windows.microsoft.com\/es-xl\/internet-explorer\/delete-manage-cookies#ie=ie-10\"><span style=\"font-weight: 400;\">Microsoft Internet Explorer<\/span><\/a><\/li>\n<li style=\"font-weight: 400;\" aria-level=\"1\"><span style=\"font-weight: 400;\">C\u00f3mo administrar cookies en <\/span><a href=\"https:\/\/support.microsoft.com\/es-es\/help\/4027947\/microsoft-edge-delete-cookies\"><span style=\"font-weight: 400;\">Microsoft Edge<\/span><\/a><\/li>\n<li style=\"font-weight: 400;\" aria-level=\"1\"><span style=\"font-weight: 400;\">C\u00f3mo administrar cookies en <\/span><span style=\"font-weight: 400;\"><a href=\"http:\/\/support.mozilla.org\/es\/kb\/Habilitar%20y%20deshabilitar%20cookies?s=cookie&amp;r=1&amp;e=es&amp;as=s7\">Mozilla FireFox<\/a><\/span><\/li>\n<li style=\"font-weight: 400;\" aria-level=\"1\"><span>C\u00f3mo administrar cookies en <\/span><a href=\"http:\/\/safari.helpmax.net\/es\/privacidad-y-seguridad\/como-gestionar-las-cookies\/\"><span>Apple Safari<\/span><\/a><\/li>\n<\/ul>\n<p>[\/et_pb_text][\/et_pb_column][\/et_pb_row][\/et_pb_section]<\/p>\n","protected":false},"excerpt":{"rendered":"<p>POL\u00cdTICA DE COOKIES Una cookie es un fichero que se descarga en su ordenador al acceder a determinadas p\u00e1ginas web. Las cookies permiten a las p\u00e1ginas web, entre otras cosas, almacenar y recuperar informaci\u00f3n sobre los h\u00e1bitos de navegaci\u00f3n de un usuario o de su equipo y, dependiendo de la informaci\u00f3n que contengan y de [&hellip;]<\/p>\n","protected":false},"author":1,"featured_media":0,"parent":0,"menu_order":0,"comment_status":"closed","ping_status":"closed","template":"","meta":{"_et_pb_use_builder":"on","_et_pb_old_content":"<!-- wp:divi\/placeholder \/-->","_et_gb_content_width":"","_joinchat":[],"footnotes":""},"class_list":["post-2419","page","type-page","status-publish","hentry"],"yoast_head":"<!-- This site is optimized with the Yoast SEO plugin v25.0 - https:\/\/yoast.com\/wordpress\/plugins\/seo\/ -->\r\n<title>Pol\u00edtica de cookies | noeliamartinez<\/title>\r\n<meta name=\"robots\" content=\"index, follow, max-snippet:-1, max-image-preview:large, max-video-preview:-1\" \/>\r\n<link rel=\"canonical\" href=\"https:\/\/noeliamartinez.com\/index.php\/politica-de-cookies\/\" \/>\r\n<meta property=\"og:locale\" content=\"es_ES\" \/>\r\n<meta property=\"og:type\" content=\"article\" \/>\r\n<meta property=\"og:title\" content=\"Pol\u00edtica de cookies | noeliamartinez\" \/>\r\n<meta property=\"og:description\" content=\"POL\u00cdTICA DE COOKIES Una cookie es un fichero que se descarga en su ordenador al acceder a determinadas p\u00e1ginas web. Las cookies permiten a las p\u00e1ginas web, entre otras cosas, almacenar y recuperar informaci\u00f3n sobre los h\u00e1bitos de navegaci\u00f3n de un usuario o de su equipo y, dependiendo de la informaci\u00f3n que contengan y de [&hellip;]\" \/>\r\n<meta property=\"og:url\" content=\"https:\/\/noeliamartinez.com\/index.php\/politica-de-cookies\/\" \/>\r\n<meta property=\"og:site_name\" content=\"noeliamartinez\" \/>\r\n<meta property=\"article:modified_time\" content=\"2022-01-26T13:19:25+00:00\" \/>\r\n<meta name=\"twitter:card\" content=\"summary_large_image\" \/>\r\n<meta name=\"twitter:label1\" content=\"Tiempo de lectura\" \/>\n\t<meta name=\"twitter:data1\" content=\"2 minutos\" \/>\r\n<script type=\"application\/ld+json\" class=\"yoast-schema-graph\">{\"@context\":\"https:\/\/schema.org\",\"@graph\":[{\"@type\":\"WebPage\",\"@id\":\"https:\/\/noeliamartinez.com\/index.php\/politica-de-cookies\/\",\"url\":\"https:\/\/noeliamartinez.com\/index.php\/politica-de-cookies\/\",\"name\":\"Pol\u00edtica de cookies | noeliamartinez\",\"isPartOf\":{\"@id\":\"https:\/\/noeliamartinez.com\/#website\"},\"datePublished\":\"2022-01-12T23:42:15+00:00\",\"dateModified\":\"2022-01-26T13:19:25+00:00\",\"breadcrumb\":{\"@id\":\"https:\/\/noeliamartinez.com\/index.php\/politica-de-cookies\/#breadcrumb\"},\"inLanguage\":\"es\",\"potentialAction\":[{\"@type\":\"ReadAction\",\"target\":[\"https:\/\/noeliamartinez.com\/index.php\/politica-de-cookies\/\"]}]},{\"@type\":\"BreadcrumbList\",\"@id\":\"https:\/\/noeliamartinez.com\/index.php\/politica-de-cookies\/#breadcrumb\",\"itemListElement\":[{\"@type\":\"ListItem\",\"position\":1,\"name\":\"Portada\",\"item\":\"https:\/\/noeliamartinez.com\/\"},{\"@type\":\"ListItem\",\"position\":2,\"name\":\"Pol\u00edtica de cookies\"}]},{\"@type\":\"WebSite\",\"@id\":\"https:\/\/noeliamartinez.com\/#website\",\"url\":\"https:\/\/noeliamartinez.com\/\",\"name\":\"noeliamartinez\",\"description\":\"Abogada administradora de fincas\",\"publisher\":{\"@id\":\"https:\/\/noeliamartinez.com\/#\/schema\/person\/a39ae016482c4643b76b9f573e7e62db\"},\"potentialAction\":[{\"@type\":\"SearchAction\",\"target\":{\"@type\":\"EntryPoint\",\"urlTemplate\":\"https:\/\/noeliamartinez.com\/?s={search_term_string}\"},\"query-input\":{\"@type\":\"PropertyValueSpecification\",\"valueRequired\":true,\"valueName\":\"search_term_string\"}}],\"inLanguage\":\"es\"},{\"@type\":[\"Person\",\"Organization\"],\"@id\":\"https:\/\/noeliamartinez.com\/#\/schema\/person\/a39ae016482c4643b76b9f573e7e62db\",\"name\":\"Noelia Mart\u00ednez\",\"image\":{\"@type\":\"ImageObject\",\"inLanguage\":\"es\",\"@id\":\"https:\/\/noeliamartinez.com\/#\/schema\/person\/image\/\",\"url\":\"https:\/\/noeliamartinez.com\/wp-content\/uploads\/2022\/01\/cropped-Sin-titulo-1.png\",\"contentUrl\":\"https:\/\/noeliamartinez.com\/wp-content\/uploads\/2022\/01\/cropped-Sin-titulo-1.png\",\"width\":512,\"height\":512,\"caption\":\"Noelia Mart\u00ednez\"},\"logo\":{\"@id\":\"https:\/\/noeliamartinez.com\/#\/schema\/person\/image\/\"}}]}<\/script>\r\n<!-- \/ Yoast SEO plugin. -->","yoast_head_json":{"title":"Pol\u00edtica de cookies | noeliamartinez","robots":{"index":"index","follow":"follow","max-snippet":"max-snippet:-1","max-image-preview":"max-image-preview:large","max-video-preview":"max-video-preview:-1"},"canonical":"https:\/\/noeliamartinez.com\/index.php\/politica-de-cookies\/","og_locale":"es_ES","og_type":"article","og_title":"Pol\u00edtica de cookies | noeliamartinez","og_description":"POL\u00cdTICA DE COOKIES Una cookie es un fichero que se descarga en su ordenador al acceder a determinadas p\u00e1ginas web. Las cookies permiten a las p\u00e1ginas web, entre otras cosas, almacenar y recuperar informaci\u00f3n sobre los h\u00e1bitos de navegaci\u00f3n de un usuario o de su equipo y, dependiendo de la informaci\u00f3n que contengan y de [&hellip;]","og_url":"https:\/\/noeliamartinez.com\/index.php\/politica-de-cookies\/","og_site_name":"noeliamartinez","article_modified_time":"2022-01-26T13:19:25+00:00","twitter_card":"summary_large_image","twitter_misc":{"Tiempo de lectura":"2 minutos"},"schema":{"@context":"https:\/\/schema.org","@graph":[{"@type":"WebPage","@id":"https:\/\/noeliamartinez.com\/index.php\/politica-de-cookies\/","url":"https:\/\/noeliamartinez.com\/index.php\/politica-de-cookies\/","name":"Pol\u00edtica de cookies | noeliamartinez","isPartOf":{"@id":"https:\/\/noeliamartinez.com\/#website"},"datePublished":"2022-01-12T23:42:15+00:00","dateModified":"2022-01-26T13:19:25+00:00","breadcrumb":{"@id":"https:\/\/noeliamartinez.com\/index.php\/politica-de-cookies\/#breadcrumb"},"inLanguage":"es","potentialAction":[{"@type":"ReadAction","target":["https:\/\/noeliamartinez.com\/index.php\/politica-de-cookies\/"]}]},{"@type":"BreadcrumbList","@id":"https:\/\/noeliamartinez.com\/index.php\/politica-de-cookies\/#breadcrumb","itemListElement":[{"@type":"ListItem","position":1,"name":"Portada","item":"https:\/\/noeliamartinez.com\/"},{"@type":"ListItem","position":2,"name":"Pol\u00edtica de cookies"}]},{"@type":"WebSite","@id":"https:\/\/noeliamartinez.com\/#website","url":"https:\/\/noeliamartinez.com\/","name":"noeliamartinez","description":"Abogada administradora de fincas","publisher":{"@id":"https:\/\/noeliamartinez.com\/#\/schema\/person\/a39ae016482c4643b76b9f573e7e62db"},"potentialAction":[{"@type":"SearchAction","target":{"@type":"EntryPoint","urlTemplate":"https:\/\/noeliamartinez.com\/?s={search_term_string}"},"query-input":{"@type":"PropertyValueSpecification","valueRequired":true,"valueName":"search_term_string"}}],"inLanguage":"es"},{"@type":["Person","Organization"],"@id":"https:\/\/noeliamartinez.com\/#\/schema\/person\/a39ae016482c4643b76b9f573e7e62db","name":"Noelia Mart\u00ednez","image":{"@type":"ImageObject","inLanguage":"es","@id":"https:\/\/noeliamartinez.com\/#\/schema\/person\/image\/","url":"https:\/\/noeliamartinez.com\/wp-content\/uploads\/2022\/01\/cropped-Sin-titulo-1.png","contentUrl":"https:\/\/noeliamartinez.com\/wp-content\/uploads\/2022\/01\/cropped-Sin-titulo-1.png","width":512,"height":512,"caption":"Noelia Mart\u00ednez"},"logo":{"@id":"https:\/\/noeliamartinez.com\/#\/schema\/person\/image\/"}}]}},"_links":{"self":[{"href":"https:\/\/noeliamartinez.com\/index.php\/wp-json\/wp\/v2\/pages\/2419","targetHints":{"allow":["GET"]}}],"collection":[{"href":"https:\/\/noeliamartinez.com\/index.php\/wp-json\/wp\/v2\/pages"}],"about":[{"href":"https:\/\/noeliamartinez.com\/index.php\/wp-json\/wp\/v2\/types\/page"}],"author":[{"embeddable":true,"href":"https:\/\/noeliamartinez.com\/index.php\/wp-json\/wp\/v2\/users\/1"}],"replies":[{"embeddable":true,"href":"https:\/\/noeliamartinez.com\/index.php\/wp-json\/wp\/v2\/comments?post=2419"}],"version-history":[{"count":7,"href":"https:\/\/noeliamartinez.com\/index.php\/wp-json\/wp\/v2\/pages\/2419\/revisions"}],"predecessor-version":[{"id":2924,"href":"https:\/\/noeliamartinez.com\/index.php\/wp-json\/wp\/v2\/pages\/2419\/revisions\/2924"}],"wp:attachment":[{"href":"https:\/\/noeliamartinez.com\/index.php\/wp-json\/wp\/v2\/media?parent=2419"}],"curies":[{"name":"wp","href":"https:\/\/api.w.org\/{rel}","templated":true}]}}